{"id":1514,"date":"2024-03-08T12:31:00","date_gmt":"2024-03-08T12:31:00","guid":{"rendered":"https:\/\/\u043e\u0431\u0440\u0443\u0447\u0430\u043b\u044c\u043d\u044b\u0435\u043a\u043e\u043b\u044c\u0446\u0430.com\/?post_type=product&#038;p=1514"},"modified":"2024-12-04T20:50:23","modified_gmt":"2024-12-04T18:50:23","slug":"kihlasormus-teemantiga-69","status":"publish","type":"product","link":"https:\/\/xn--80aabrzecnfgq0b8bg7dog.com\/et\/produkt\/kihlasormus-teemantiga-69\/","title":{"rendered":"Kihlas\u00f5rmus teemantiga"},"content":{"rendered":"<p>Kui meie kodulehel olevatest mudelitest sobivat ei leia v\u00f5i on endal idee, milline s\u00f5rmus v\u00f5iks v\u00e4lja n\u00e4ha, siis disainime ja valmistame kihlas\u00f5rmuse ka sinu enda soovide j\u00e4rgi.<\/p>\n<p>Saame kasutada ka erinevaid kive (konkreetse mudeli kohta uuri meie esinduset), loe kivide kohta <a href=\"https:\/\/kihlas\u00f5rmused.ee\/kihlasormused-kivid\">rohkem infot siit<\/a>.<\/p>\n<p>Soovi korral saab s\u00f5rmuse eest tasuda ka oma kullas.<\/p>\n<p>Kihlas\u00f5rmuse valmimise aeg \u00fcldjuhul 1-1,5 kuud. Eritellimuste ja -lahenduste puhul t\u00e4psustame.<\/p>\n<p>Tasuta suuruse kohandamine 30 p\u00e4eva jooksul!<\/p>\n<p>Tellimiseks v\u00f5ta meiega \u00fchendust v\u00f5i k\u00fclasta meie esindusi Tallinnas, Tartus ja P\u00e4rnus. <a href=\"https:\/\/kihlasormused.com\/broneeri-konsultatsioon\/\">Broneeri TASUTA konsultatsiooniaeg juba t\u00e4na!<\/a><\/p>\n","protected":false},"excerpt":{"rendered":"<p>Kihlas\u00f5rmuse n\u00e4idishind on kujundatud j\u00e4rgmiste parameetritega:<\/p>\n<p class=\"western\"><span style=\"color: #050505;\"><span style=\"font-family: Segoe UI, serif;\"><span style=\"font-size: medium;\">Valge kuld.<\/span><\/span><\/span><\/p>\n<p class=\"western\">Kullaproov: 585<\/p>\n<p>Kaal: u. 3,5g<\/p>\n<p>M\u00f5\u00f5dud: S\u00f5rmuse laius 5mm, v\u00f5ru laius 3mm.<\/p>\n<p>Suurus: 17\u00a0 \u00a0 *\u00a0L\u00f5plik hind s\u00f5ltub s\u00f5rmuse suurusest.<\/p>\n<p class=\"western\">Kivi: Teemant 5mm (u.0,5ct)<\/p>\n<p>*S\u00f5rmusega kaasas sertifikaat.<\/p>\n<p class=\"western\"><strong>Kihlas\u00f5rmus on valmistatud kullassepat\u00f6\u00f6na ning soovi korral on valmistamisel v\u00f5imalik kasutada kliendi kulda.<br \/>\n<\/strong>Kliendi kullast valmistamise hind on 370 EUR + meelep\u00e4rane pool-v\u00f5i v\u00e4\u00e4riskivi.<\/p>\n<p>V\u00f5imalikud teised variatsioonid:<\/p>\n<ul>\n<li>Punasest\/roosast v\u00f5i kollasest kullast ja s\u00f5rmust kaunistamas teemant 5mm (u.0,5ct) Hind: 3351EUR<\/li>\n<li>Valge kuld ja kivina kaunistab moissaniit 5mm (u.0,5ct) Hind: 1427 EUR<\/li>\n<li>Punasest\/roosast v\u00f5i kollasest kullast ja kivina moissaniit 5mm (u.0,5ct) Hind: 1281 EUR.<\/li>\n<li>Punasest\/roosast v\u00f5i kollasest kullast ja kivina Cubic Zirconia (Valikus erinevad toonid) Hind: 667 EUR.<\/li>\n<\/ul>\n","protected":false},"featured_media":42375,"template":"","meta":[],"product_brand":[],"product_cat":[78],"product_tag":[65,66,67,68,69,70,54,71,72,73,74,75,76],"class_list":{"0":"post-1514","1":"product","2":"type-product","3":"status-publish","4":"has-post-thumbnail","6":"product_cat-valge-kuld","7":"product_tag-kihlasormus","8":"product_tag-kihlasormus-eesti-disain","9":"product_tag-kihlasormus-naisele","10":"product_tag-kihlasormuse-hind","11":"product_tag-kihlasormuse-sorm","12":"product_tag-kihlasormuse-suurus","13":"product_tag-kihlasormused","14":"product_tag-kihlasormused-parnu","15":"product_tag-kihlasormused-tallinnas","16":"product_tag-kihlasormused-tartu","17":"product_tag-kuldsormused-naistele","18":"product_tag-sormused-naistele","19":"product_tag-valge-kuld","21":"first","22":"instock","23":"taxable","24":"shipping-taxable","25":"purchasable","26":"product-type-simple"},"_links":{"self":[{"href":"https:\/\/xn--80aabrzecnfgq0b8bg7dog.com\/et\/wp-json\/wp\/v2\/product\/1514","targetHints":{"allow":["GET"]}}],"collection":[{"href":"https:\/\/xn--80aabrzecnfgq0b8bg7dog.com\/et\/wp-json\/wp\/v2\/product"}],"about":[{"href":"https:\/\/xn--80aabrzecnfgq0b8bg7dog.com\/et\/wp-json\/wp\/v2\/types\/product"}],"version-history":[{"count":2,"href":"https:\/\/xn--80aabrzecnfgq0b8bg7dog.com\/et\/wp-json\/wp\/v2\/product\/1514\/revisions"}],"predecessor-version":[{"id":49194,"href":"https:\/\/xn--80aabrzecnfgq0b8bg7dog.com\/et\/wp-json\/wp\/v2\/product\/1514\/revisions\/49194"}],"wp:featuredmedia":[{"embeddable":true,"href":"https:\/\/xn--80aabrzecnfgq0b8bg7dog.com\/et\/wp-json\/wp\/v2\/media\/42375"}],"wp:attachment":[{"href":"https:\/\/xn--80aabrzecnfgq0b8bg7dog.com\/et\/wp-json\/wp\/v2\/media?parent=1514"}],"wp:term":[{"taxonomy":"product_brand","embeddable":true,"href":"https:\/\/xn--80aabrzecnfgq0b8bg7dog.com\/et\/wp-json\/wp\/v2\/product_brand?post=1514"},{"taxonomy":"product_cat","embeddable":true,"href":"https:\/\/xn--80aabrzecnfgq0b8bg7dog.com\/et\/wp-json\/wp\/v2\/product_cat?post=1514"},{"taxonomy":"product_tag","embeddable":true,"href":"https:\/\/xn--80aabrzecnfgq0b8bg7dog.com\/et\/wp-json\/wp\/v2\/product_tag?post=1514"}],"curies":[{"name":"wp","href":"https:\/\/api.w.org\/{rel}","templated":true}]}}