{"id":21887,"date":"2021-01-08T01:22:25","date_gmt":"2021-01-08T01:22:25","guid":{"rendered":"https:\/\/\u043e\u0431\u0440\u0443\u0447\u0430\u043b\u044c\u043d\u044b\u0435\u043a\u043e\u043b\u044c\u0446\u0430.com\/?post_type=product&#038;p=21887"},"modified":"2024-11-07T13:08:02","modified_gmt":"2024-11-07T13:08:02","slug":"mudel-oe-97","status":"publish","type":"product","link":"https:\/\/xn--80aabrzecnfgq0b8bg7dog.com\/et\/produkt\/mudel-oe-97\/","title":{"rendered":"Mudel OE-97"},"content":{"rendered":"<p>1&#215;1.75+2&#215;1.50+2&#215;1.25 briljandid naise s\u00f5rmusel.<\/p>\n<div id=\"product-5136\" class=\"product type-product post-5136 status-publish instock product_cat-abielusormused product_tag-abielusormused product_tag-briljant product_tag-kihlasormused product_tag-klassikalised-abielusormused product_tag-muster product_tag-pulmad product_tag-valge-kuld has-post-thumbnail taxable shipping-taxable purchasable product-type-simple\">\n<div class=\"woocommerce-tabs wc-tabs-wrapper\">\n<div id=\"tab-description\" class=\"woocommerce-Tabs-panel woocommerce-Tabs-panel--description panel entry-content wc-tab\" role=\"tabpanel\" aria-labelledby=\"tab-title-description\">\n<p>S\u00f5rmuste laius on 8mm. Paari kaal on kokku 16 grammi ringis s\u00f5ltuvalt t\u00e4psetest s\u00f5rme suurustest. Hinnad kehtivad kahe s\u00f5rmuse kohta.<\/p>\n<\/div>\n<\/div>\n<\/div>\n","protected":false},"excerpt":{"rendered":"<p>Briljantidega abielus\u00f5rmused. Valikus kollane, punane ja valge kuld ning nende kombinatsioonid. Kullaproov 585.<\/p>\n","protected":false},"featured_media":36169,"template":"","meta":[],"product_brand":[],"product_cat":[24],"product_tag":[41,42,43,44,45,46,47,48,49,50,51,52],"class_list":{"0":"post-21887","1":"product","2":"type-product","3":"status-publish","4":"has-post-thumbnail","6":"product_cat-abielusormused","7":"product_tag-abielusormused","8":"product_tag-abielusormused-oma-kullast","9":"product_tag-abielusormused-paar","10":"product_tag-abielusormused-parnu","11":"product_tag-abielusormused-tartu","12":"product_tag-abielusormused-valgest-kullast","13":"product_tag-abielusormuste-valmistamine","14":"product_tag-parnu-esindus","15":"product_tag-pulmasormused","16":"product_tag-tallinna-esindus","17":"product_tag-tartu-esindus","18":"product_tag-teemantiga-abielusormused","20":"first","21":"instock","22":"taxable","23":"shipping-taxable","24":"purchasable","25":"product-type-simple"},"_links":{"self":[{"href":"https:\/\/xn--80aabrzecnfgq0b8bg7dog.com\/et\/wp-json\/wp\/v2\/product\/21887","targetHints":{"allow":["GET"]}}],"collection":[{"href":"https:\/\/xn--80aabrzecnfgq0b8bg7dog.com\/et\/wp-json\/wp\/v2\/product"}],"about":[{"href":"https:\/\/xn--80aabrzecnfgq0b8bg7dog.com\/et\/wp-json\/wp\/v2\/types\/product"}],"version-history":[{"count":1,"href":"https:\/\/xn--80aabrzecnfgq0b8bg7dog.com\/et\/wp-json\/wp\/v2\/product\/21887\/revisions"}],"predecessor-version":[{"id":36174,"href":"https:\/\/xn--80aabrzecnfgq0b8bg7dog.com\/et\/wp-json\/wp\/v2\/product\/21887\/revisions\/36174"}],"wp:featuredmedia":[{"embeddable":true,"href":"https:\/\/xn--80aabrzecnfgq0b8bg7dog.com\/et\/wp-json\/wp\/v2\/media\/36169"}],"wp:attachment":[{"href":"https:\/\/xn--80aabrzecnfgq0b8bg7dog.com\/et\/wp-json\/wp\/v2\/media?parent=21887"}],"wp:term":[{"taxonomy":"product_brand","embeddable":true,"href":"https:\/\/xn--80aabrzecnfgq0b8bg7dog.com\/et\/wp-json\/wp\/v2\/product_brand?post=21887"},{"taxonomy":"product_cat","embeddable":true,"href":"https:\/\/xn--80aabrzecnfgq0b8bg7dog.com\/et\/wp-json\/wp\/v2\/product_cat?post=21887"},{"taxonomy":"product_tag","embeddable":true,"href":"https:\/\/xn--80aabrzecnfgq0b8bg7dog.com\/et\/wp-json\/wp\/v2\/product_tag?post=21887"}],"curies":[{"name":"wp","href":"https:\/\/api.w.org\/{rel}","templated":true}]}}