{"id":24477,"date":"2021-01-08T01:25:56","date_gmt":"2021-01-08T01:25:56","guid":{"rendered":"https:\/\/\u043e\u0431\u0440\u0443\u0447\u0430\u043b\u044c\u043d\u044b\u0435\u043a\u043e\u043b\u044c\u0446\u0430.com\/?post_type=product&#038;p=24477"},"modified":"2024-11-07T13:06:34","modified_gmt":"2024-11-07T13:06:34","slug":"mudel-o-212","status":"publish","type":"product","link":"https:\/\/xn--80aabrzecnfgq0b8bg7dog.com\/et\/produkt\/mudel-o-212\/","title":{"rendered":"Abielus\u00f5rmused, mudel O-212"},"content":{"rendered":"","protected":false},"excerpt":{"rendered":"<p>Hind kehtib abielus\u00f5rmuste paari kohta.<\/p>\n<p>N\u00e4idishind on kujundatud j\u00e4rgmiste parameetritega:<\/p>\n<p>Valge, kollane v\u00f5i punane kuld.<\/p>\n<p>Kullaproov: 585<\/p>\n<p>S\u00f5rmuste suurused: 17 ja 20<\/p>\n<p>Laiused: 5,5mm<\/p>\n<p>Paksused: 1.3 mm<\/p>\n<p>Kaal: 4,10g ja 4,80g<\/p>\n<p>Soovi korral saab abielus\u00f5rmuseid tellida kollasest kullast ka madalama kullaprooviga (375), mis teeb hinna soodsamaks (559 EUR).<\/p>\n<p>K\u00f5ikide kullatoonidega v\u00f5imalik tellida s\u00f5rmustepaar ka k\u00f5rgema kullaprooviga (750).<\/p>\n<p>Abielus\u00f5rmuseid saab tellida nii l\u00e4ikiva kui mati viimistlusega.<\/p>\n<p>K\u00f5ikidel meie abielus\u00f5rmustel on comfort fit \u2013 siseviimistlus ehk kumerdatud sisepind, mis teeb s\u00f5rmuste kandmise eriti mugavaks. S\u00f5rmused peavad lisaks ilule olema ka mugavad!<\/p>\n<p>Kuna abielus\u00f5rmuseid kantakse igap\u00e4evaselt, on oluline ka vastupidavus. Meie s\u00f5rmused on pisut paksemad kui poelettidel olevad traditsioonilised s\u00f5rmused ning seega ka vastupidavamad.<\/p>\n<p>Nime ja kuup\u00e4eva graveering TASUTA.<\/p>\n<p>M\u00f5lemaid s\u00f5rmuseid on v\u00f5imalik tellida k\u00f5ikides suurustes. Suuruste ja teiste parameetrite muutudes muutub ka hind. T\u00e4pse hinna saame kujundada teile abielus\u00f5rmuste konsultatsioonil.<\/p>\n<p>&nbsp;<\/p>\n<p>&nbsp;<\/p>\n","protected":false},"featured_media":37627,"template":"","meta":[],"product_brand":[],"product_cat":[24],"product_tag":[41,42,43,44,45,46,47,48,49,50,51,52],"class_list":{"0":"post-24477","1":"product","2":"type-product","3":"status-publish","4":"has-post-thumbnail","6":"product_cat-abielusormused","7":"product_tag-abielusormused","8":"product_tag-abielusormused-oma-kullast","9":"product_tag-abielusormused-paar","10":"product_tag-abielusormused-parnu","11":"product_tag-abielusormused-tartu","12":"product_tag-abielusormused-valgest-kullast","13":"product_tag-abielusormuste-valmistamine","14":"product_tag-parnu-esindus","15":"product_tag-pulmasormused","16":"product_tag-tallinna-esindus","17":"product_tag-tartu-esindus","18":"product_tag-teemantiga-abielusormused","20":"first","21":"instock","22":"taxable","23":"shipping-taxable","24":"purchasable","25":"product-type-simple"},"_links":{"self":[{"href":"https:\/\/xn--80aabrzecnfgq0b8bg7dog.com\/et\/wp-json\/wp\/v2\/product\/24477","targetHints":{"allow":["GET"]}}],"collection":[{"href":"https:\/\/xn--80aabrzecnfgq0b8bg7dog.com\/et\/wp-json\/wp\/v2\/product"}],"about":[{"href":"https:\/\/xn--80aabrzecnfgq0b8bg7dog.com\/et\/wp-json\/wp\/v2\/types\/product"}],"version-history":[{"count":1,"href":"https:\/\/xn--80aabrzecnfgq0b8bg7dog.com\/et\/wp-json\/wp\/v2\/product\/24477\/revisions"}],"predecessor-version":[{"id":37630,"href":"https:\/\/xn--80aabrzecnfgq0b8bg7dog.com\/et\/wp-json\/wp\/v2\/product\/24477\/revisions\/37630"}],"wp:featuredmedia":[{"embeddable":true,"href":"https:\/\/xn--80aabrzecnfgq0b8bg7dog.com\/et\/wp-json\/wp\/v2\/media\/37627"}],"wp:attachment":[{"href":"https:\/\/xn--80aabrzecnfgq0b8bg7dog.com\/et\/wp-json\/wp\/v2\/media?parent=24477"}],"wp:term":[{"taxonomy":"product_brand","embeddable":true,"href":"https:\/\/xn--80aabrzecnfgq0b8bg7dog.com\/et\/wp-json\/wp\/v2\/product_brand?post=24477"},{"taxonomy":"product_cat","embeddable":true,"href":"https:\/\/xn--80aabrzecnfgq0b8bg7dog.com\/et\/wp-json\/wp\/v2\/product_cat?post=24477"},{"taxonomy":"product_tag","embeddable":true,"href":"https:\/\/xn--80aabrzecnfgq0b8bg7dog.com\/et\/wp-json\/wp\/v2\/product_tag?post=24477"}],"curies":[{"name":"wp","href":"https:\/\/api.w.org\/{rel}","templated":true}]}}