{"id":25691,"date":"2021-01-08T01:27:55","date_gmt":"2021-01-08T01:27:55","guid":{"rendered":"https:\/\/\u043e\u0431\u0440\u0443\u0447\u0430\u043b\u044c\u043d\u044b\u0435\u043a\u043e\u043b\u044c\u0446\u0430.com\/?post_type=product&#038;p=25691"},"modified":"2024-11-07T13:05:33","modified_gmt":"2024-11-07T13:05:33","slug":"mudel-o-74","status":"publish","type":"product","link":"https:\/\/xn--80aabrzecnfgq0b8bg7dog.com\/et\/produkt\/mudel-o-74\/","title":{"rendered":"Abielus\u00f5rmused, mudel O-74"},"content":{"rendered":"<p>K\u00f5ikide kullatoonidega v\u00f5imalik tellida s\u00f5rmustepaar ka k\u00f5rgema kullaprooviga (750).<\/p>\n<p>Kuna abielus\u00f5rmuseid kantakse igap\u00e4evaselt, on oluline ka vastupidavus. Meie s\u00f5rmused on pisut paksemad kui poelettidel olevad traditsioonilised s\u00f5rmused ning seega ka vastupidavamad.<\/p>\n<p>Abielus\u00f5rmuseid saab tellida nii l\u00e4ikiva kui mati v\u00f5i osaliselt mati viimistlusega.<\/p>\n<p>Erinevatest mudelitest on v\u00f5imalik disainida veel omakorda erinevaid versioone ning mudeleid saab ka omavahel kombineerida.<br \/>\nK\u00f5ikidel meie abielus\u00f5rmustel on comfort fit \u2013 siseviimistlus ehk kumerdatud sisepind, mis teeb s\u00f5rmuste kandmise eriti mugavaks. S\u00f5rmused peavad lisaks ilule olema ka mugavad!<br \/>\nNime ja kuup\u00e4evagraveering TASUTA. Soovi korral lisatasu eest ka <a href=\"https:\/\/\u043e\u0431\u0440\u0443\u0447\u0430\u043b\u044c\u043d\u044b\u0435\u043a\u043e\u043b\u044c\u0446\u0430.com\/abielusormuste-hinnad\/\">erilisemad graveeringud<\/a>.<\/p>\n","protected":false},"excerpt":{"rendered":"<p>N\u00e4idishind on kujundatud j\u00e4rgmiste parameetritega:<br \/>\nAbielus\u00f5rmused. Paar. Valge, kollane v\u00f5i punane kuld.<br \/>\nKullaproov: 585<br \/>\nS\u00f5rmuste suurused: 17 ja 20<br \/>\nLaiused: 7mm<br \/>\nPaksused: 1.2 mm<br \/>\nKaal: 5,34g ja 6,22g<br \/>\nKivi: looduslik teemantkivi (7&#215;1,75mm).<br \/>\nSoovi korral saab abielus\u00f5rmuseid tellida ka s\u00fcnteetilise (laboris kasvatatud) teemantkiviga ja\/v\u00f5i kollasest kullast madalama kullaprooviga (375), mis teeb hinna kordades soodsamaks.<\/p>\n<p>M\u00f5lemaid s\u00f5rmuseid on v\u00f5imalik tellida k\u00f5ikides suurustes. <span style=\"color: #0a0a0a;background: white\">Meilt s\u00f5rmuseid tellides ei pea piirduma standardsete m\u00f5\u00f5tudega. N\u00e4iteks kui poes saate valida suuruste 17 v\u00f5i 17.5 vahel, aga teile oleks sobilikum hoopis 17,3 suurus, siis saame teile valmistada just sellises m\u00f5\u00f5dus s\u00f5rmuse. Teile sobivad suurused saame m\u00f5\u00f5ta kohapeal.<\/span><\/p>\n<p>Suuruste ja teiste parameetrite muutudes muutub ka hind. Parima hinna saame kujundada teile abielus\u00f5rmuste konsultatsioonil.<\/p>\n","protected":false},"featured_media":38309,"template":"","meta":[],"product_brand":[],"product_cat":[24],"product_tag":[41,42,43,44,45,46,56,47,48,49,50,51,52,55],"class_list":{"0":"post-25691","1":"product","2":"type-product","3":"status-publish","4":"has-post-thumbnail","6":"product_cat-abielusormused","7":"product_tag-abielusormused","8":"product_tag-abielusormused-oma-kullast","9":"product_tag-abielusormused-paar","10":"product_tag-abielusormused-parnu","11":"product_tag-abielusormused-tartu","12":"product_tag-abielusormused-valgest-kullast","13":"product_tag-abielusormuste-komplekt","14":"product_tag-abielusormuste-valmistamine","15":"product_tag-parnu-esindus","16":"product_tag-pulmasormused","17":"product_tag-tallinna-esindus","18":"product_tag-tartu-esindus","19":"product_tag-teemantiga-abielusormused","20":"product_tag-valge-kuld-abielusormus","22":"first","23":"instock","24":"taxable","25":"shipping-taxable","26":"purchasable","27":"product-type-simple"},"_links":{"self":[{"href":"https:\/\/xn--80aabrzecnfgq0b8bg7dog.com\/et\/wp-json\/wp\/v2\/product\/25691","targetHints":{"allow":["GET"]}}],"collection":[{"href":"https:\/\/xn--80aabrzecnfgq0b8bg7dog.com\/et\/wp-json\/wp\/v2\/product"}],"about":[{"href":"https:\/\/xn--80aabrzecnfgq0b8bg7dog.com\/et\/wp-json\/wp\/v2\/types\/product"}],"version-history":[{"count":1,"href":"https:\/\/xn--80aabrzecnfgq0b8bg7dog.com\/et\/wp-json\/wp\/v2\/product\/25691\/revisions"}],"predecessor-version":[{"id":38314,"href":"https:\/\/xn--80aabrzecnfgq0b8bg7dog.com\/et\/wp-json\/wp\/v2\/product\/25691\/revisions\/38314"}],"wp:featuredmedia":[{"embeddable":true,"href":"https:\/\/xn--80aabrzecnfgq0b8bg7dog.com\/et\/wp-json\/wp\/v2\/media\/38309"}],"wp:attachment":[{"href":"https:\/\/xn--80aabrzecnfgq0b8bg7dog.com\/et\/wp-json\/wp\/v2\/media?parent=25691"}],"wp:term":[{"taxonomy":"product_brand","embeddable":true,"href":"https:\/\/xn--80aabrzecnfgq0b8bg7dog.com\/et\/wp-json\/wp\/v2\/product_brand?post=25691"},{"taxonomy":"product_cat","embeddable":true,"href":"https:\/\/xn--80aabrzecnfgq0b8bg7dog.com\/et\/wp-json\/wp\/v2\/product_cat?post=25691"},{"taxonomy":"product_tag","embeddable":true,"href":"https:\/\/xn--80aabrzecnfgq0b8bg7dog.com\/et\/wp-json\/wp\/v2\/product_tag?post=25691"}],"curies":[{"name":"wp","href":"https:\/\/api.w.org\/{rel}","templated":true}]}}