{"id":27101,"date":"2021-01-08T01:30:13","date_gmt":"2021-01-08T01:30:13","guid":{"rendered":"https:\/\/\u043e\u0431\u0440\u0443\u0447\u0430\u043b\u044c\u043d\u044b\u0435\u043a\u043e\u043b\u044c\u0446\u0430.com\/?post_type=product&#038;p=27101"},"modified":"2024-11-07T13:04:11","modified_gmt":"2024-11-07T13:04:11","slug":"mudel-a-111","status":"publish","type":"product","link":"https:\/\/xn--80aabrzecnfgq0b8bg7dog.com\/et\/produkt\/mudel-a-111\/","title":{"rendered":"Abielus\u00f5rmused, mudel A-111"},"content":{"rendered":"<p>K\u00f5ikide kullatoonidega v\u00f5imalik tellida s\u00f5rmustepaar ka k\u00f5rgema kullaprooviga (750).<br \/>\nKuna abielus\u00f5rmuseid kantakse igap\u00e4evaselt, on oluline ka vastupidavus. Meie s\u00f5rmused on pisut paksemad kui poelettidel olevad traditsioonilised s\u00f5rmused ning seega ka vastupidavamad.<br \/>\nAbielus\u00f5rmuseid saab tellida nii l\u00e4ikiva kui mati viimistlusega.<br \/>\nK\u00f5ikidel meie abielus\u00f5rmustel on comfort fit \u2013 siseviimistlus ehk kumerdatud sisepind, mis teeb s\u00f5rmuste kandmise eriti mugavaks. S\u00f5rmused peavad lisaks ilule olema ka mugavad!<br \/>\nNime ja kuup\u00e4evagraveering TASUTA.<\/p>\n","protected":false},"excerpt":{"rendered":"<p>Hind kehtib abielus\u00f5rmuste paari kohta.<\/p>\n<p>N\u00e4idishind on kujundatud j\u00e4rgmiste parameetritega:<\/p>\n<p>Valge, kollane v\u00f5i punane kuld.<\/p>\n<p>Kullaproov: 585<\/p>\n<p>S\u00f5rmuste suurused: 17 ja 20<\/p>\n<p>Laiused: 3mm<\/p>\n<p>Paksused: 1.5 mm<\/p>\n<p>Kaal: 3,05g ja 3,57g<\/p>\n<p>Soovi korral saab naise s\u00f5rmusele lisada ka kive (vt juuresolev foto). Kivide hind lisandub sel juhul hinnale.<\/p>\n<p>Abielus\u00f5rmuseid saab tellida kollasest kullast ka madalama kullaprooviga (375), mis teeb hinna soodsamaks.<\/p>\n<p>S\u00f5rmuste laiust saab muuta.<\/p>\n<p>M\u00f5lemaid s\u00f5rmuseid on v\u00f5imalik tellida k\u00f5ikides suurustes. Suuruste ja teiste parameetrite muutudes muutub ka hind. T\u00e4pse hinna saame kujundada teile abielus\u00f5rmuste konsultatsioonil.<\/p>\n<p>&nbsp;<\/p>\n","protected":false},"featured_media":39179,"template":"","meta":[],"product_brand":[],"product_cat":[24],"product_tag":[41,42,43,44,45,46,47,48,49,50,51,52],"class_list":{"0":"post-27101","1":"product","2":"type-product","3":"status-publish","4":"has-post-thumbnail","6":"product_cat-abielusormused","7":"product_tag-abielusormused","8":"product_tag-abielusormused-oma-kullast","9":"product_tag-abielusormused-paar","10":"product_tag-abielusormused-parnu","11":"product_tag-abielusormused-tartu","12":"product_tag-abielusormused-valgest-kullast","13":"product_tag-abielusormuste-valmistamine","14":"product_tag-parnu-esindus","15":"product_tag-pulmasormused","16":"product_tag-tallinna-esindus","17":"product_tag-tartu-esindus","18":"product_tag-teemantiga-abielusormused","20":"first","21":"instock","22":"taxable","23":"shipping-taxable","24":"purchasable","25":"product-type-simple"},"_links":{"self":[{"href":"https:\/\/xn--80aabrzecnfgq0b8bg7dog.com\/et\/wp-json\/wp\/v2\/product\/27101","targetHints":{"allow":["GET"]}}],"collection":[{"href":"https:\/\/xn--80aabrzecnfgq0b8bg7dog.com\/et\/wp-json\/wp\/v2\/product"}],"about":[{"href":"https:\/\/xn--80aabrzecnfgq0b8bg7dog.com\/et\/wp-json\/wp\/v2\/types\/product"}],"version-history":[{"count":1,"href":"https:\/\/xn--80aabrzecnfgq0b8bg7dog.com\/et\/wp-json\/wp\/v2\/product\/27101\/revisions"}],"predecessor-version":[{"id":39183,"href":"https:\/\/xn--80aabrzecnfgq0b8bg7dog.com\/et\/wp-json\/wp\/v2\/product\/27101\/revisions\/39183"}],"wp:featuredmedia":[{"embeddable":true,"href":"https:\/\/xn--80aabrzecnfgq0b8bg7dog.com\/et\/wp-json\/wp\/v2\/media\/39179"}],"wp:attachment":[{"href":"https:\/\/xn--80aabrzecnfgq0b8bg7dog.com\/et\/wp-json\/wp\/v2\/media?parent=27101"}],"wp:term":[{"taxonomy":"product_brand","embeddable":true,"href":"https:\/\/xn--80aabrzecnfgq0b8bg7dog.com\/et\/wp-json\/wp\/v2\/product_brand?post=27101"},{"taxonomy":"product_cat","embeddable":true,"href":"https:\/\/xn--80aabrzecnfgq0b8bg7dog.com\/et\/wp-json\/wp\/v2\/product_cat?post=27101"},{"taxonomy":"product_tag","embeddable":true,"href":"https:\/\/xn--80aabrzecnfgq0b8bg7dog.com\/et\/wp-json\/wp\/v2\/product_tag?post=27101"}],"curies":[{"name":"wp","href":"https:\/\/api.w.org\/{rel}","templated":true}]}}