{"id":31883,"date":"2023-04-27T12:52:16","date_gmt":"2023-04-27T12:52:16","guid":{"rendered":"https:\/\/\u043e\u0431\u0440\u0443\u0447\u0430\u043b\u044c\u043d\u044b\u0435\u043a\u043e\u043b\u044c\u0446\u0430.com\/?post_type=product&#038;p=31883"},"modified":"2025-02-04T14:16:15","modified_gmt":"2025-02-04T12:16:15","slug":"abielusormused-valge-kuld-ja-teemantid","status":"publish","type":"product","link":"https:\/\/xn--80aabrzecnfgq0b8bg7dog.com\/et\/produkt\/abielusormused-valge-kuld-ja-teemantid\/","title":{"rendered":"Abielus\u00f5rmused, mudel LX-204"},"content":{"rendered":"<p>Kuna abielus\u00f5rmuseid kantakse igap\u00e4evaselt, on oluline ka vastupidavus. Meie s\u00f5rmused on pisut paksemad kui poelettidel olevad traditsioonilised s\u00f5rmused ning seega ka vastupidavamad.<\/p>\n<p>K\u00f5ikidel meie abielus\u00f5rmustel on comfort fit \u2013 siseviimistlus ehk kumerdatud sisepind, mis teeb s\u00f5rmuste kandmise eriti mugavaks. S\u00f5rmused peavad lisaks ilule olema ka mugavad!<br \/>\nNime ja kuup\u00e4evagraveering TASUTA. Soovi korral lisatasu eest ka <a href=\"https:\/\/\u043e\u0431\u0440\u0443\u0447\u0430\u043b\u044c\u043d\u044b\u0435\u043a\u043e\u043b\u044c\u0446\u0430.com\/abielusormuste-hinnad\/\">erilisemad graveeringud<\/a>.<\/p>\n","protected":false},"excerpt":{"rendered":"<p>N\u00e4idishind on kujundatud j\u00e4rgmiste parameetritega:<br \/>\nAbielus\u00f5rmused. Valge kuld.<br \/>\nKullaproov: 585<br \/>\nS\u00f5rmuste suurused: 17 ja 20<br \/>\nLaiused: 3,9mm ja 4,8mm<br \/>\nPaksused: 1.6 mm<br \/>\nKaal: 2,08g ja 5,40g<br \/>\nKivi: looduslik teemant (5&#215;1,75mm, 0,1055ct).<br \/>\nSoovi korral saab neid s\u00f5rmuseid tellida ka punasest ja kollasest kullast. Kollasest kullast ka madalama kullaprooviga (375), mis teeb hinna soodsamaks.<\/p>\n<p>S\u00f5rmuste laiust on v\u00f5imalik muuta.<br \/>\nM\u00f5lemaid s\u00f5rmuseid on v\u00f5imalik tellida k\u00f5ikides suurustes. <span style=\"color: #0a0a0a;background: white\">Meilt s\u00f5rmuseid tellides ei pea piirduma standardsete m\u00f5\u00f5tudega. N\u00e4iteks kui poes saate valida suuruste 17 v\u00f5i 17.5 vahel, aga teile oleks sobilikum hoopis 17,3 suurus, siis saame teile valmistada just sellises m\u00f5\u00f5dus s\u00f5rmuse. Teie \u00f5iged suurused saab meie konsultant m\u00f5\u00f5ta konsultatsioonil.<\/span><\/p>\n<p>Suuruste ja teiste parameetrite muutudes muutub ka hind. T\u00e4pse hinna saame kujundada teile abielus\u00f5rmuste konsultatsioonil.<\/p>\n","protected":false},"featured_media":39418,"template":"","meta":[],"product_brand":[],"product_cat":[24,23],"product_tag":[41,42,43,44,45,46,56,47,48,49,50,51,52,55],"class_list":{"0":"post-31883","1":"product","2":"type-product","3":"status-publish","4":"has-post-thumbnail","6":"product_cat-abielusormused","7":"product_cat-kullassepatoona-valmivad-abielu-ja-kihlasormused","8":"product_tag-abielusormused","9":"product_tag-abielusormused-oma-kullast","10":"product_tag-abielusormused-paar","11":"product_tag-abielusormused-parnu","12":"product_tag-abielusormused-tartu","13":"product_tag-abielusormused-valgest-kullast","14":"product_tag-abielusormuste-komplekt","15":"product_tag-abielusormuste-valmistamine","16":"product_tag-parnu-esindus","17":"product_tag-pulmasormused","18":"product_tag-tallinna-esindus","19":"product_tag-tartu-esindus","20":"product_tag-teemantiga-abielusormused","21":"product_tag-valge-kuld-abielusormus","23":"first","24":"instock","25":"taxable","26":"shipping-taxable","27":"purchasable","28":"product-type-simple"},"_links":{"self":[{"href":"https:\/\/xn--80aabrzecnfgq0b8bg7dog.com\/et\/wp-json\/wp\/v2\/product\/31883","targetHints":{"allow":["GET"]}}],"collection":[{"href":"https:\/\/xn--80aabrzecnfgq0b8bg7dog.com\/et\/wp-json\/wp\/v2\/product"}],"about":[{"href":"https:\/\/xn--80aabrzecnfgq0b8bg7dog.com\/et\/wp-json\/wp\/v2\/types\/product"}],"version-history":[{"count":1,"href":"https:\/\/xn--80aabrzecnfgq0b8bg7dog.com\/et\/wp-json\/wp\/v2\/product\/31883\/revisions"}],"predecessor-version":[{"id":39419,"href":"https:\/\/xn--80aabrzecnfgq0b8bg7dog.com\/et\/wp-json\/wp\/v2\/product\/31883\/revisions\/39419"}],"wp:featuredmedia":[{"embeddable":true,"href":"https:\/\/xn--80aabrzecnfgq0b8bg7dog.com\/et\/wp-json\/wp\/v2\/media\/39418"}],"wp:attachment":[{"href":"https:\/\/xn--80aabrzecnfgq0b8bg7dog.com\/et\/wp-json\/wp\/v2\/media?parent=31883"}],"wp:term":[{"taxonomy":"product_brand","embeddable":true,"href":"https:\/\/xn--80aabrzecnfgq0b8bg7dog.com\/et\/wp-json\/wp\/v2\/product_brand?post=31883"},{"taxonomy":"product_cat","embeddable":true,"href":"https:\/\/xn--80aabrzecnfgq0b8bg7dog.com\/et\/wp-json\/wp\/v2\/product_cat?post=31883"},{"taxonomy":"product_tag","embeddable":true,"href":"https:\/\/xn--80aabrzecnfgq0b8bg7dog.com\/et\/wp-json\/wp\/v2\/product_tag?post=31883"}],"curies":[{"name":"wp","href":"https:\/\/api.w.org\/{rel}","templated":true}]}}