{"id":43493,"date":"2024-11-14T12:36:46","date_gmt":"2024-11-14T10:36:46","guid":{"rendered":"https:\/\/\u043e\u0431\u0440\u0443\u0447\u0430\u043b\u044c\u043d\u044b\u0435\u043a\u043e\u043b\u044c\u0446\u0430.com\/?post_type=product&#038;p=43493"},"modified":"2024-11-15T13:14:13","modified_gmt":"2024-11-15T11:14:13","slug":"kihlasormus-teemantidega-64","status":"publish","type":"product","link":"https:\/\/xn--80aabrzecnfgq0b8bg7dog.com\/et\/produkt\/kihlasormus-teemantidega-64\/","title":{"rendered":"Kihlas\u00f5rmus teemantidega"},"content":{"rendered":"","protected":false},"excerpt":{"rendered":"<p>Kihlas\u00f5rmuse n\u00e4idishind on kujundatud j\u00e4rgmiste parameetritega:<\/p>\n<p class=\"western\"><strong>Metall<\/strong><\/p>\n<p class=\"western\">V\u00e4\u00e4rismetall \u2013 18k | 750 Kollane kuld<\/p>\n<p class=\"western\">Metalli kaal \u2013 1.60 gr<\/p>\n<p class=\"western\"><strong>Looduslikud teemandid<\/strong><\/p>\n<p class=\"western\">Teemantide kaal \u2013 0.35 carat<\/p>\n<p class=\"western\">Kuju ja l\u00f5ikestiil \u2013 \u00fcmmargune<\/p>\n<p class=\"western\">V\u00e4rviklass \u2013 G-H<\/p>\n<p class=\"western\">L\u00e4bipaistvuse tase \u2013\u00a0 VS2-SI1<\/p>\n<p class=\"western\"><strong>Suurused<\/strong><\/p>\n<p class=\"western\">S\u00f5rmuse suurus \u2013 17.25mm<\/p>\n","protected":false},"featured_media":43494,"template":"","meta":[],"product_brand":[],"product_cat":[77],"product_tag":[65],"class_list":{"0":"post-43493","1":"product","2":"type-product","3":"status-publish","4":"has-post-thumbnail","6":"product_cat-punane-ja-kollane-kuld","7":"product_tag-kihlasormus","9":"first","10":"instock","11":"taxable","12":"shipping-taxable","13":"purchasable","14":"product-type-simple"},"_links":{"self":[{"href":"https:\/\/xn--80aabrzecnfgq0b8bg7dog.com\/et\/wp-json\/wp\/v2\/product\/43493","targetHints":{"allow":["GET"]}}],"collection":[{"href":"https:\/\/xn--80aabrzecnfgq0b8bg7dog.com\/et\/wp-json\/wp\/v2\/product"}],"about":[{"href":"https:\/\/xn--80aabrzecnfgq0b8bg7dog.com\/et\/wp-json\/wp\/v2\/types\/product"}],"version-history":[{"count":2,"href":"https:\/\/xn--80aabrzecnfgq0b8bg7dog.com\/et\/wp-json\/wp\/v2\/product\/43493\/revisions"}],"predecessor-version":[{"id":43653,"href":"https:\/\/xn--80aabrzecnfgq0b8bg7dog.com\/et\/wp-json\/wp\/v2\/product\/43493\/revisions\/43653"}],"wp:featuredmedia":[{"embeddable":true,"href":"https:\/\/xn--80aabrzecnfgq0b8bg7dog.com\/et\/wp-json\/wp\/v2\/media\/43494"}],"wp:attachment":[{"href":"https:\/\/xn--80aabrzecnfgq0b8bg7dog.com\/et\/wp-json\/wp\/v2\/media?parent=43493"}],"wp:term":[{"taxonomy":"product_brand","embeddable":true,"href":"https:\/\/xn--80aabrzecnfgq0b8bg7dog.com\/et\/wp-json\/wp\/v2\/product_brand?post=43493"},{"taxonomy":"product_cat","embeddable":true,"href":"https:\/\/xn--80aabrzecnfgq0b8bg7dog.com\/et\/wp-json\/wp\/v2\/product_cat?post=43493"},{"taxonomy":"product_tag","embeddable":true,"href":"https:\/\/xn--80aabrzecnfgq0b8bg7dog.com\/et\/wp-json\/wp\/v2\/product_tag?post=43493"}],"curies":[{"name":"wp","href":"https:\/\/api.w.org\/{rel}","templated":true}]}}