{"id":47504,"date":"2021-01-08T01:27:32","date_gmt":"2021-01-07T23:27:32","guid":{"rendered":"https:\/\/\u043e\u0431\u0440\u0443\u0447\u0430\u043b\u044c\u043d\u044b\u0435\u043a\u043e\u043b\u044c\u0446\u0430.com\/toode\/mudel-o-107-2\/"},"modified":"2024-11-27T12:14:38","modified_gmt":"2024-11-27T10:14:38","slug":"mudel-o-107-2","status":"publish","type":"product","link":"https:\/\/xn--80aabrzecnfgq0b8bg7dog.com\/et\/produkt\/mudel-o-107-2\/","title":{"rendered":"Abielus\u00f5rmused, mudel O-107 &#8211; 375"},"content":{"rendered":"","protected":false},"excerpt":{"rendered":"<p>Hind kehtib abielus\u00f5rmuste paari kohta.<br \/>\nN\u00e4idishind on kujundatud j\u00e4rgmiste parameetritega:<br \/>\nValge, kollane v\u00f5i punane kuld.<br \/>\nKullaproov: 585<br \/>\nS\u00f5rmuste suurused: 17 ja 20<br \/>\nLaiused: 4,5mm<br \/>\nPaksused: 1.3 mm<br \/>\nKaal: 4,16g ja 4,88g<br \/>\nSoovi korral saab abielus\u00f5rmuseid tellida kollasest kullast ka madalama kullaprooviga (375), mis teeb hinna soodsamaks.<br \/>\nK\u00f5ikide kullatoonidega v\u00f5imalik tellida s\u00f5rmustepaar ka k\u00f5rgema kullaprooviga (750).<br \/>\nAbielus\u00f5rmuseid saab tellida nii l\u00e4ikiva kui mati viimistlusega.<br \/>\nK\u00f5ikidel meie abielus\u00f5rmustel on comfort fit \u2013 siseviimistlus ehk kumerdatud sisepind, mis teeb s\u00f5rmuste kandmise eriti mugavaks. S\u00f5rmused peavad lisaks ilule olema ka mugavad!<br \/>\nKuna abielus\u00f5rmuseid kantakse igap\u00e4evaselt, on oluline ka vastupidavus. Meie s\u00f5rmused on pisut paksemad kui poelettidel olevad traditsioonilised s\u00f5rmused ning seega ka vastupidavamad.<br \/>\nS\u00f5rmuste laiust on samuti v\u00f5imalik muuta.<br \/>\nNime ja kuup\u00e4eva graveering TASUTA.<br \/>\nM\u00f5lemaid s\u00f5rmuseid on v\u00f5imalik tellida k\u00f5ikides suurustes. Suuruste ja teiste parameetrite muutudes muutub ka hind. T\u00e4pse hinna saame kujundada teile abielus\u00f5rmuste konsultatsioonil.<\/p>\n","protected":false},"featured_media":47506,"template":"","meta":[],"product_brand":[],"product_cat":[24,81],"product_tag":[41,42,43,44,45,46,56,47,48,49,50,51,52],"class_list":{"0":"post-47504","1":"product","2":"type-product","3":"status-publish","4":"has-post-thumbnail","6":"product_cat-abielusormused","7":"product_cat-abielusormused-375","8":"product_tag-abielusormused","9":"product_tag-abielusormused-oma-kullast","10":"product_tag-abielusormused-paar","11":"product_tag-abielusormused-parnu","12":"product_tag-abielusormused-tartu","13":"product_tag-abielusormused-valgest-kullast","14":"product_tag-abielusormuste-komplekt","15":"product_tag-abielusormuste-valmistamine","16":"product_tag-parnu-esindus","17":"product_tag-pulmasormused","18":"product_tag-tallinna-esindus","19":"product_tag-tartu-esindus","20":"product_tag-teemantiga-abielusormused","22":"first","23":"instock","24":"taxable","25":"shipping-taxable","26":"purchasable","27":"product-type-simple"},"_links":{"self":[{"href":"https:\/\/xn--80aabrzecnfgq0b8bg7dog.com\/et\/wp-json\/wp\/v2\/product\/47504","targetHints":{"allow":["GET"]}}],"collection":[{"href":"https:\/\/xn--80aabrzecnfgq0b8bg7dog.com\/et\/wp-json\/wp\/v2\/product"}],"about":[{"href":"https:\/\/xn--80aabrzecnfgq0b8bg7dog.com\/et\/wp-json\/wp\/v2\/types\/product"}],"version-history":[{"count":1,"href":"https:\/\/xn--80aabrzecnfgq0b8bg7dog.com\/et\/wp-json\/wp\/v2\/product\/47504\/revisions"}],"predecessor-version":[{"id":47505,"href":"https:\/\/xn--80aabrzecnfgq0b8bg7dog.com\/et\/wp-json\/wp\/v2\/product\/47504\/revisions\/47505"}],"wp:featuredmedia":[{"embeddable":true,"href":"https:\/\/xn--80aabrzecnfgq0b8bg7dog.com\/et\/wp-json\/wp\/v2\/media\/47506"}],"wp:attachment":[{"href":"https:\/\/xn--80aabrzecnfgq0b8bg7dog.com\/et\/wp-json\/wp\/v2\/media?parent=47504"}],"wp:term":[{"taxonomy":"product_brand","embeddable":true,"href":"https:\/\/xn--80aabrzecnfgq0b8bg7dog.com\/et\/wp-json\/wp\/v2\/product_brand?post=47504"},{"taxonomy":"product_cat","embeddable":true,"href":"https:\/\/xn--80aabrzecnfgq0b8bg7dog.com\/et\/wp-json\/wp\/v2\/product_cat?post=47504"},{"taxonomy":"product_tag","embeddable":true,"href":"https:\/\/xn--80aabrzecnfgq0b8bg7dog.com\/et\/wp-json\/wp\/v2\/product_tag?post=47504"}],"curies":[{"name":"wp","href":"https:\/\/api.w.org\/{rel}","templated":true}]}}