{"id":48807,"date":"2023-03-13T13:17:05","date_gmt":"2023-03-13T11:17:05","guid":{"rendered":"https:\/\/\u043e\u0431\u0440\u0443\u0447\u0430\u043b\u044c\u043d\u044b\u0435\u043a\u043e\u043b\u044c\u0446\u0430.com\/toode\/abielusormused-meie-isa-palvekirjaga-2\/"},"modified":"2025-02-04T14:16:17","modified_gmt":"2025-02-04T12:16:17","slug":"abielusormused-meie-isa-palvekirjaga-2","status":"publish","type":"product","link":"https:\/\/xn--80aabrzecnfgq0b8bg7dog.com\/et\/produkt\/abielusormused-meie-isa-palvekirjaga-2\/","title":{"rendered":"Abielus\u00f5rmused, mudel LX-202 &#8211; 375"},"content":{"rendered":"<p>K\u00f5ikide kullatoonidega v\u00f5imalik tellida s\u00f5rmustepaar ka k\u00f5rgema kullaprooviga (750).<\/p>\n<p>Kuna abielus\u00f5rmuseid kantakse igap\u00e4evaselt, on oluline ka vastupidavus. Meie s\u00f5rmused on pisut paksemad kui poelettidel olevad traditsioonilised s\u00f5rmused ning seega ka vastupidavamad.<\/p>\n<p>K\u00f5ikidel meie abielus\u00f5rmustel on comfort fit \u2013 siseviimistlus ehk kumerdatud sisepind, mis teeb s\u00f5rmuste kandmise eriti mugavaks. S\u00f5rmused peavad lisaks ilule olema ka mugavad!<br \/>\nNime ja kuup\u00e4evagraveering TASUTA. Soovi korral lisatasu eest ka <a href=\"https:\/\/\u043e\u0431\u0440\u0443\u0447\u0430\u043b\u044c\u043d\u044b\u0435\u043a\u043e\u043b\u044c\u0446\u0430.com\/abielusormuste-hinnad\/\">erilisemad graveeringud<\/a>.<\/p>\n","protected":false},"excerpt":{"rendered":"<p>Abielus\u00f5rmused Meie Isa palvekirjaga.<\/p>\n<p>Hind kehtib abielus\u00f5rmuste paari kohta.<br \/>\nN\u00e4idishind on kujundatud j\u00e4rgmiste parameetritega:<br \/>\nKollane v\u00f5i punane kuld.<br \/>\nKullaproov: 585<br \/>\nS\u00f5rmuste suurused: 17 ja 20<br \/>\nLaiused: 7,3 ja 7,5mm<br \/>\nPaksused: 1.7mm<br \/>\nKaal: 6g ja 9g<br \/>\nSoovi korral saab abielus\u00f5rmuseid tellida kollasest kullast ka madalama kullaprooviga (375), mis teeb hinna soodsamaks.<\/p>\n<p>Valge kulla puhul k\u00fcsi hinnapakkumist.<\/p>\n<p>M\u00f5lemaid s\u00f5rmuseid on v\u00f5imalik tellida k\u00f5ikides suurustes. S\u00f5rmuste laius v\u00f5ib s\u00f5ltuvalt suurusest muutuda. Suuruste ja teiste parameetrite muutudes muutub ka hind. T\u00e4pse hinna saame kujundada teile abielus\u00f5rmuste konsultatsioonil.<\/p>\n","protected":false},"featured_media":48809,"template":"","meta":[],"product_brand":[],"product_cat":[24,81,23],"product_tag":[41,42,43,44,45,46,56,47,48,49,50,51,52],"class_list":{"0":"post-48807","1":"product","2":"type-product","3":"status-publish","4":"has-post-thumbnail","6":"product_cat-abielusormused","7":"product_cat-abielusormused-375","8":"product_cat-kullassepatoona-valmivad-abielu-ja-kihlasormused","9":"product_tag-abielusormused","10":"product_tag-abielusormused-oma-kullast","11":"product_tag-abielusormused-paar","12":"product_tag-abielusormused-parnu","13":"product_tag-abielusormused-tartu","14":"product_tag-abielusormused-valgest-kullast","15":"product_tag-abielusormuste-komplekt","16":"product_tag-abielusormuste-valmistamine","17":"product_tag-parnu-esindus","18":"product_tag-pulmasormused","19":"product_tag-tallinna-esindus","20":"product_tag-tartu-esindus","21":"product_tag-teemantiga-abielusormused","23":"first","24":"instock","25":"taxable","26":"shipping-taxable","27":"purchasable","28":"product-type-simple"},"_links":{"self":[{"href":"https:\/\/xn--80aabrzecnfgq0b8bg7dog.com\/et\/wp-json\/wp\/v2\/product\/48807","targetHints":{"allow":["GET"]}}],"collection":[{"href":"https:\/\/xn--80aabrzecnfgq0b8bg7dog.com\/et\/wp-json\/wp\/v2\/product"}],"about":[{"href":"https:\/\/xn--80aabrzecnfgq0b8bg7dog.com\/et\/wp-json\/wp\/v2\/types\/product"}],"version-history":[{"count":1,"href":"https:\/\/xn--80aabrzecnfgq0b8bg7dog.com\/et\/wp-json\/wp\/v2\/product\/48807\/revisions"}],"predecessor-version":[{"id":48808,"href":"https:\/\/xn--80aabrzecnfgq0b8bg7dog.com\/et\/wp-json\/wp\/v2\/product\/48807\/revisions\/48808"}],"wp:featuredmedia":[{"embeddable":true,"href":"https:\/\/xn--80aabrzecnfgq0b8bg7dog.com\/et\/wp-json\/wp\/v2\/media\/48809"}],"wp:attachment":[{"href":"https:\/\/xn--80aabrzecnfgq0b8bg7dog.com\/et\/wp-json\/wp\/v2\/media?parent=48807"}],"wp:term":[{"taxonomy":"product_brand","embeddable":true,"href":"https:\/\/xn--80aabrzecnfgq0b8bg7dog.com\/et\/wp-json\/wp\/v2\/product_brand?post=48807"},{"taxonomy":"product_cat","embeddable":true,"href":"https:\/\/xn--80aabrzecnfgq0b8bg7dog.com\/et\/wp-json\/wp\/v2\/product_cat?post=48807"},{"taxonomy":"product_tag","embeddable":true,"href":"https:\/\/xn--80aabrzecnfgq0b8bg7dog.com\/et\/wp-json\/wp\/v2\/product_tag?post=48807"}],"curies":[{"name":"wp","href":"https:\/\/api.w.org\/{rel}","templated":true}]}}