{"id":48824,"date":"2023-04-12T12:10:18","date_gmt":"2023-04-12T09:10:18","guid":{"rendered":"https:\/\/\u043e\u0431\u0440\u0443\u0447\u0430\u043b\u044c\u043d\u044b\u0435\u043a\u043e\u043b\u044c\u0446\u0430.com\/toode\/abielusormused-vaariskividega-kasitoo-2\/"},"modified":"2025-02-04T14:16:16","modified_gmt":"2025-02-04T12:16:16","slug":"abielusormused-vaariskividega-kasitoo-2","status":"publish","type":"product","link":"https:\/\/xn--80aabrzecnfgq0b8bg7dog.com\/et\/produkt\/abielusormused-vaariskividega-kasitoo-2\/","title":{"rendered":"Abielus\u00f5rmused, mudel LX-205 &#8211; 375"},"content":{"rendered":"<p>K\u00f5ikide kullatoonidega v\u00f5imalik tellida s\u00f5rmustepaar ka k\u00f5rgema kullaprooviga (750).<\/p>\n<p>Kuna abielus\u00f5rmuseid kantakse igap\u00e4evaselt, on oluline ka vastupidavus. Meie s\u00f5rmused on pisut paksemad kui poelettidel olevad traditsioonilised s\u00f5rmused ning seega ka vastupidavamad.<\/p>\n<p>Abielus\u00f5rmuseid saab tellida nii l\u00e4ikiva kui mati viimistlusega.<\/p>\n<p>Erinevatest mudelitest on v\u00f5imalik disainida veel omakorda erinevaid versioone ning mudeleid saab ka omavahel kombineerida.<br \/>\nK\u00f5ikidel meie abielus\u00f5rmustel on comfort fit \u2013 siseviimistlus ehk kumerdatud sisepind, mis teeb s\u00f5rmuste kandmise eriti mugavaks. S\u00f5rmused peavad lisaks ilule olema ka mugavad!<br \/>\nNime ja kuup\u00e4evagraveering TASUTA. Soovi korral lisatasu eest ka <a href=\"https:\/\/\u043e\u0431\u0440\u0443\u0447\u0430\u043b\u044c\u043d\u044b\u0435\u043a\u043e\u043b\u044c\u0446\u0430.com\/abielusormuste-hinnad\/\">erilisemad graveeringud<\/a>.<\/p>\n","protected":false},"excerpt":{"rendered":"<p>K\u00e4sit\u00f6\u00f6na valmistatud abielus\u00f5rmused v\u00e4\u00e4riskividega. Hind kehtib abielus\u00f5rmuste paari kohta.<br \/>\nN\u00e4idishind on kujundatud j\u00e4rgmiste parameetritega:<br \/>\nKollane v\u00f5i punane kuld. Valge kulla puhul palume v\u00f5tta \u00fchendust ja teeme pakkumise.<br \/>\nKullaproov: 585<br \/>\nS\u00f5rmuste suurused: 17 ja 20<br \/>\nLaiused: 5,5mm ja 7mm<br \/>\nPaksused: 1.8 mm<br \/>\nPaari kaal: 18,5g<br \/>\nKividena kasutatud pruudi s\u00f5rmusel naturaalseid briljante (0,35ct) ja peigmehel safiiride ja briljantide kombinatsiooni (0,24ct).<br \/>\nS\u00f5rmuste laiust saab muuta.<br \/>\nM\u00f5lemaid s\u00f5rmuseid on v\u00f5imalik tellida k\u00f5ikides suurustes. Suuruste ja teiste parameetrite muutudes muutub ka hind.<\/p>\n<p>T\u00e4pse hinna saame kujundada teile abielus\u00f5rmuste konsultatsioonil.<\/p>\n","protected":false},"featured_media":48826,"template":"","meta":[],"product_brand":[],"product_cat":[24,81,23],"product_tag":[41,42,43,44,45,46,56,47,48,49,50,51],"class_list":{"0":"post-48824","1":"product","2":"type-product","3":"status-publish","4":"has-post-thumbnail","6":"product_cat-abielusormused","7":"product_cat-abielusormused-375","8":"product_cat-kullassepatoona-valmivad-abielu-ja-kihlasormused","9":"product_tag-abielusormused","10":"product_tag-abielusormused-oma-kullast","11":"product_tag-abielusormused-paar","12":"product_tag-abielusormused-parnu","13":"product_tag-abielusormused-tartu","14":"product_tag-abielusormused-valgest-kullast","15":"product_tag-abielusormuste-komplekt","16":"product_tag-abielusormuste-valmistamine","17":"product_tag-parnu-esindus","18":"product_tag-pulmasormused","19":"product_tag-tallinna-esindus","20":"product_tag-tartu-esindus","22":"first","23":"instock","24":"taxable","25":"shipping-taxable","26":"purchasable","27":"product-type-simple"},"_links":{"self":[{"href":"https:\/\/xn--80aabrzecnfgq0b8bg7dog.com\/et\/wp-json\/wp\/v2\/product\/48824","targetHints":{"allow":["GET"]}}],"collection":[{"href":"https:\/\/xn--80aabrzecnfgq0b8bg7dog.com\/et\/wp-json\/wp\/v2\/product"}],"about":[{"href":"https:\/\/xn--80aabrzecnfgq0b8bg7dog.com\/et\/wp-json\/wp\/v2\/types\/product"}],"version-history":[{"count":1,"href":"https:\/\/xn--80aabrzecnfgq0b8bg7dog.com\/et\/wp-json\/wp\/v2\/product\/48824\/revisions"}],"predecessor-version":[{"id":48825,"href":"https:\/\/xn--80aabrzecnfgq0b8bg7dog.com\/et\/wp-json\/wp\/v2\/product\/48824\/revisions\/48825"}],"wp:featuredmedia":[{"embeddable":true,"href":"https:\/\/xn--80aabrzecnfgq0b8bg7dog.com\/et\/wp-json\/wp\/v2\/media\/48826"}],"wp:attachment":[{"href":"https:\/\/xn--80aabrzecnfgq0b8bg7dog.com\/et\/wp-json\/wp\/v2\/media?parent=48824"}],"wp:term":[{"taxonomy":"product_brand","embeddable":true,"href":"https:\/\/xn--80aabrzecnfgq0b8bg7dog.com\/et\/wp-json\/wp\/v2\/product_brand?post=48824"},{"taxonomy":"product_cat","embeddable":true,"href":"https:\/\/xn--80aabrzecnfgq0b8bg7dog.com\/et\/wp-json\/wp\/v2\/product_cat?post=48824"},{"taxonomy":"product_tag","embeddable":true,"href":"https:\/\/xn--80aabrzecnfgq0b8bg7dog.com\/et\/wp-json\/wp\/v2\/product_tag?post=48824"}],"curies":[{"name":"wp","href":"https:\/\/api.w.org\/{rel}","templated":true}]}}